{"id":3603,"date":"2023-07-13T12:41:15","date_gmt":"2023-07-13T12:41:15","guid":{"rendered":"https:\/\/www.mentholclick.com\/?page_id=3603"},"modified":"2025-07-29T15:17:16","modified_gmt":"2025-07-29T15:17:16","slug":"distributeur","status":"publish","type":"page","link":"https:\/\/www.mentholclick.com\/fr\/distributeur\/","title":{"rendered":"Distributeur"},"content":{"rendered":"<div id=\"fws_69e9f48491021\"  data-column-margin=\"default\" data-midnight=\"light\"  class=\"wpb_row vc_row-fluid vc_row full-width-content vc_row-o-equal-height vc_row-flex vc_row-o-content-top  zindex-set\"  style=\"padding-top: 0px; padding-bottom: 0px;  z-index: 10;\"><div class=\"row-bg-wrap\" data-bg-animation=\"none\" data-bg-animation-delay=\"\" data-bg-overlay=\"false\"><div class=\"inner-wrap row-bg-layer\" ><div class=\"row-bg viewport-desktop\"  style=\"\"><\/div><\/div><div class=\"row-bg-overlay row-bg-layer\" style=\"background:linear-gradient(0deg, rgba(0,0,0,0.478) 0%, rgba(243,243,243,0) 48%);\"><\/div><\/div><div class=\"row_col_wrap_12 col span_12 light left\">\n\t<div  class=\"vc_col-sm-12 wpb_column column_container vc_column_container col no-extra-padding el_spacing_0px inherit_tablet inherit_phone\"  data-padding-pos=\"all\" data-has-bg-color=\"false\" data-bg-color=\"\" data-bg-opacity=\"1\" data-animation=\"\" data-delay=\"0\" >\n\t\t<div class=\"vc_column-inner\" >\n\t\t\t<div class=\"wpb_wrapper\">\n\t\t\t\t<div class=\"nectar_video_player_self_hosted wpb_video_widget wpb_content_element vc_clearfix vc_video-aspect-ratio-169 vc_video-el-width-100 vc_video-align-left tablet-aspect-43\" data-border-radius=\"none\" data-shadow=\"none\">\n<div class=\"wpb_wrapper\"><div class=\"wpb_video_wrapper\"><video width=\"1280\" height=\"720\" class=\"nectar-video-self-hosted scroll-triggered-play\" preload=\"auto\" loop muted playsinline><source src=\"https:\/\/www.mentholclick.com\/wp-content\/uploads\/2023\/09\/MENTHOL-CLICK-video-4.mp4\"  type=\"video\/mp4\"><\/video><\/div><\/div><\/div>\n\t\t\t<\/div> \n\t\t<\/div>\n\t<\/div> \n<\/div><\/div>\n\t\t<div id=\"fws_69e9f48491878\"  data-column-margin=\"default\" data-midnight=\"dark\" data-top-percent=\"5%\" data-bottom-percent=\"5%\"  class=\"wpb_row vc_row-fluid vc_row full-width-content vc_row-o-equal-height vc_row-flex vc_row-o-content-middle  right_padding_27vw left_padding_27vw bottom_padding_tablet_12pct right_padding_tablet_20vw right_padding_phone_7vw left_padding_tablet_20vw left_padding_phone_7vw\"  style=\"padding-top: calc(100vw * 0.05); padding-bottom: calc(100vw * 0.05); \"><div class=\"row-bg-wrap\" data-bg-animation=\"none\" data-bg-animation-delay=\"\" data-bg-overlay=\"false\"><div class=\"inner-wrap row-bg-layer\" ><div class=\"row-bg viewport-desktop\"  style=\"\"><\/div><\/div><\/div><div class=\"row_col_wrap_12 col span_12 dark left\">\n\t<div  class=\"vc_col-sm-12 wpb_column column_container vc_column_container col column_position_static el_spacing_0px\"  data-overlay-color=\"true\" data-padding-pos=\"all\" data-has-bg-color=\"false\" data-bg-color=\"\" data-bg-opacity=\"1\" data-animation=\"\" data-delay=\"0\" >\n\t\t<div class=\"vc_column-inner\" ><div class=\"column-bg-overlay-wrap column-bg-layer\" data-bg-animation=\"none\"><div class=\"column-bg-overlay\"><\/div><div class=\"column-overlay-layer\" style=\"\"><\/div><\/div>\n\t\t\t<div class=\"wpb_wrapper\">\n\t\t\t\t<div id=\"fws_69e9f48491e1a\" data-midnight=\"\" data-column-margin=\"default\" class=\"wpb_row vc_row-fluid vc_row inner_row\"  style=\"\"><div class=\"row-bg-wrap\"> <div class=\"row-bg\" ><\/div> <\/div><div class=\"row_col_wrap_12_inner col span_12  left\">\n\t<div  class=\"vc_col-sm-12 wpb_column column_container vc_column_container col child_column centered-text no-extra-padding force-desktop-text-align-center inherit_tablet inherit_phone\"   data-padding-pos=\"all\" data-has-bg-color=\"false\" data-bg-color=\"\" data-bg-opacity=\"1\" data-animation=\"\" data-delay=\"0\" >\n\t\t<div class=\"vc_column-inner\" >\n\t\t<div class=\"wpb_wrapper\">\n\t\t\t\n<div class=\"wpb_text_column wpb_content_element  wpb_animate_when_almost_visible wpb_fadeInUp fadeInUp\" >\n\t<div class=\"wpb_wrapper\">\n\t\t<h2 class=\"h2-titel-fade\">Devenez distributeur officiel Menthol Click<\/h2>\n\t<\/div>\n<\/div>\n\n\n\n\n\t\t<\/div> \n\t<\/div>\n\t<\/div> \n<\/div><\/div>\n\t\t\t<\/div> \n\t\t<\/div>\n\t<\/div> \n<\/div><\/div>\n\t\t<div id=\"fws_69e9f4849273c\"  data-column-margin=\"5px\" data-midnight=\"dark\" data-bottom-percent=\"0%\"  class=\"wpb_row vc_row-fluid vc_row vc_row-o-equal-height vc_row-flex vc_row-o-content-middle  bottom_padding_phone_1px\"  style=\"padding-top: 0px; padding-bottom: calc(100vw * 0.00); \"><div class=\"row-bg-wrap\" data-bg-animation=\"none\" data-bg-animation-delay=\"\" data-bg-overlay=\"false\"><div class=\"inner-wrap row-bg-layer\" ><div class=\"row-bg viewport-desktop\"  style=\"\"><\/div><\/div><\/div><div class=\"row_col_wrap_12 col span_12 dark left\">\n\t<div  class=\"vc_col-sm-12 wpb_column column_container vc_column_container col padding-2-percent inherit_tablet inherit_phone\"  data-padding-pos=\"top-bottom\" data-has-bg-color=\"false\" data-bg-color=\"\" data-bg-opacity=\"1\" data-animation=\"\" data-delay=\"0\" >\n\t\t<div class=\"vc_column-inner\" >\n\t\t\t<div class=\"wpb_wrapper\">\n\t\t\t\t<div id=\"fws_69e9f48492b57\" data-midnight=\"\" data-column-margin=\"default\" class=\"wpb_row vc_row-fluid vc_row inner_row  top_padding_tablet_1px bottom_padding_tablet_1px\"  style=\"padding-top: 20px; \"><div class=\"row-bg-wrap\"> <div class=\"row-bg\" ><\/div> <\/div><div class=\"row_col_wrap_12_inner col span_12  left\">\n\t<div  class=\"vc_col-sm-3 wpb_column column_container vc_column_container col child_column has-animation no-extra-padding top_margin_tablet_1px top_margin_phone_1px bottom_margin_tablet_1px bottom_margin_phone_1px inherit_tablet inherit_phone\"   data-padding-pos=\"all\" data-has-bg-color=\"false\" data-bg-color=\"\" data-bg-opacity=\"1\" data-animation=\"fade-in-from-bottom\" data-delay=\"0\" >\n\t\t<div class=\"vc_column-inner\" >\n\t\t<div class=\"wpb_wrapper\">\n\t\t\t\n\t\t<\/div> \n\t<\/div>\n\t<\/div> \n\n\t<div style=\"margin-top: 25px; \" class=\"vc_col-sm-6 wpb_column column_container vc_column_container col child_column no-extra-padding force-desktop-text-align-center top_margin_tablet_50px top_margin_phone_1px bottom_margin_tablet_1px bottom_margin_phone_1px padding-2-percent_tablet inherit_phone\"   data-padding-pos=\"all\" data-has-bg-color=\"false\" data-bg-color=\"\" data-bg-opacity=\"1\" data-animation=\"\" data-delay=\"0\" >\n\t\t<div class=\"vc_column-inner\" >\n\t\t<div class=\"wpb_wrapper\">\n\t\t\t<div class=\"nectar-fancy-ul\" data-list-icon=\"icon-salient-check\" data-animation=\"false\" data-animation-delay=\"0\" data-color=\"extra-color-2\" data-spacing=\"20px\" data-alignment=\"left\"> <strong>Un processus simple et agr\u00e9able<br \/>\n<\/strong> <\/div><div class=\"nectar-fancy-ul\" data-list-icon=\"icon-salient-check\" data-animation=\"false\" data-animation-delay=\"0\" data-color=\"extra-color-2\" data-spacing=\"20px\" data-alignment=\"left\"> <span style=\"font-weight: 400;\">Notre stylo Menthol Click est con\u00e7u pour infuser jusqu'\u00e0 40 filtres avec une saveur menthol\u00e9e agr\u00e9able. L'utilisation est simple et plaisante : ins\u00e9rez enti\u00e8rement l\u2019embout du Menthol Click dans l\u2019arri\u00e8re du filtre pendant dix secondes \u2013 et voil\u00e0, votre filtre classique devient un filtre menthol\u00e9. C\u2019est la solution id\u00e9ale pour ceux qui souhaitent ajouter une note de fra\u00eecheur et de go\u00fbt sans devoir acheter un paquet complet de filtres menthol\u00e9s.<\/span> <\/div><div class=\"nectar-fancy-ul\" data-list-icon=\"icon-salient-check\" data-animation=\"false\" data-animation-delay=\"0\" data-color=\"extra-color-2\" data-spacing=\"20px\" data-alignment=\"left\"> <b>Pr\u00e9sence mondiale et expansion<\/b><\/p>\n<p><span style=\"font-weight: 400;\">Nous sommes fiers de notre pr\u00e9sence internationale, avec des canaux de distribution dans le monde entier. Et nous ne comptons pas nous arr\u00eater l\u00e0 ! Nous recherchons constamment de nouveaux partenaires qui partagent notre enthousiasme pour ce produit et notre marque. Notre philosophie repose sur la collaboration et la croissance mutuelle. Nous nous engageons \u00e0 soutenir activement nos distributeurs partout dans le monde.<\/span><\/p>\n<p><b>Pourquoi collaborer avec nous?<\/b><\/p>\n<ul>\n<li style=\"font-weight: 400;\" aria-level=\"1\"><span style=\"font-weight: 400;\">Produit unique : Menthol Click offre une solution exclusive qui vous distingue de la concurrence.<\/span><\/li>\n<li style=\"font-weight: 400;\" aria-level=\"1\"><span style=\"font-weight: 400;\">Bonnes marges : Nous croyons aux partenariats \u00e9quitables et proposons des marges b\u00e9n\u00e9ficiaires attractives.<\/span><\/li>\n<li style=\"font-weight: 400;\" aria-level=\"1\"><span style=\"font-weight: 400;\">Soutien marketing : Nous comprenons l\u2019importance d\u2019un bon marketing et fournissons d\u2019excellents supports pour stimuler les ventes.<\/span><\/li>\n<\/ul>\n<p><b>Notre \u00e9quipe mondiale<\/b><b><br \/>\n<\/b><span style=\"font-weight: 400;\"> Derri\u00e8re Menthol Click se trouve une \u00e9quipe engag\u00e9e et diversifi\u00e9e qui travaille sans rel\u00e2che \u00e0 l\u2019\u00e9chelle internationale. Chaque jour, nous livrons notre produit \u00e0 plus de 100 000 magasins dans le monde entier, afin que chacun puisse profiter de l\u2019exp\u00e9rience menthol\u00e9e qu\u2019il recherche.<\/span><\/p>\n<p><span style=\"font-weight: 400;\">Vous souhaitez rejoindre notre r\u00e9seau de distributeurs ou en savoir plus sur Menthol Click ? N'h\u00e9sitez pas \u00e0 nous contacter.<\/span> <\/div>\n\t\t<\/div> \n\t<\/div>\n\t<\/div> \n\n\t<div  class=\"vc_col-sm-3 wpb_column column_container vc_column_container col child_column no-extra-padding top_margin_tablet_1px bottom_margin_tablet_1px inherit_tablet inherit_phone\"   data-padding-pos=\"all\" data-has-bg-color=\"false\" data-bg-color=\"\" data-bg-opacity=\"1\" data-animation=\"\" data-delay=\"0\" >\n\t\t<div class=\"vc_column-inner\" >\n\t\t<div class=\"wpb_wrapper\">\n\t\t\t\n\t\t<\/div> \n\t<\/div>\n\t<\/div> \n<\/div><\/div><div id=\"fws_69e9f484933f7\" data-midnight=\"\" data-column-margin=\"default\" class=\"wpb_row vc_row-fluid vc_row inner_row  top_padding_tablet_1px bottom_padding_tablet_1px\"  style=\"\"><div class=\"row-bg-wrap\"> <div class=\"row-bg\" ><\/div> <\/div><div class=\"row_col_wrap_12_inner col span_12  left\">\n\t<div  class=\"vc_col-sm-4 wpb_column column_container vc_column_container col child_column no-extra-padding top_margin_tablet_1px bottom_margin_tablet_1px inherit_tablet inherit_phone\"   data-padding-pos=\"all\" data-has-bg-color=\"false\" data-bg-color=\"\" data-bg-opacity=\"1\" data-animation=\"\" data-delay=\"0\" >\n\t\t<div class=\"vc_column-inner\" >\n\t\t<div class=\"wpb_wrapper\">\n\t\t\t\n\t\t<\/div> \n\t<\/div>\n\t<\/div> \n\n\t<div  class=\"vc_col-sm-4 wpb_column column_container vc_column_container col child_column centered-text no-extra-padding top_margin_tablet_1px bottom_margin_tablet_1px padding-1-percent_tablet inherit_phone\"   data-padding-pos=\"all\" data-has-bg-color=\"false\" data-bg-color=\"\" data-bg-opacity=\"1\" data-animation=\"\" data-delay=\"0\" >\n\t\t<div class=\"vc_column-inner\" >\n\t\t<div class=\"wpb_wrapper\">\n\t\t\t<a class=\"nectar-button large regular accent-color has-icon  regular-button\"  role=\"button\" style=\"margin-right: 20px; margin-left: 20px;color: #ffffff; \"  href=\"https:\/\/www.mentholclick.com\/fr\/contact\/\" data-color-override=\"false\" data-hover-color-override=\"false\" data-hover-text-color-override=\"#fff\"><span>Envoyez-nous un e-mail<\/span><i style=\"color: #ffffff;\"  class=\"icon-button-arrow\"><\/i><\/a>\n\t\t<\/div> \n\t<\/div>\n\t<\/div> \n\n\t<div  class=\"vc_col-sm-4 wpb_column column_container vc_column_container col child_column no-extra-padding top_margin_tablet_1px bottom_margin_tablet_1px inherit_tablet inherit_phone\"   data-padding-pos=\"all\" data-has-bg-color=\"false\" data-bg-color=\"\" data-bg-opacity=\"1\" data-animation=\"\" data-delay=\"0\" >\n\t\t<div class=\"vc_column-inner\" >\n\t\t<div class=\"wpb_wrapper\">\n\t\t\t\n\t\t<\/div> \n\t<\/div>\n\t<\/div> \n<\/div><\/div>\n\t\t\t<\/div> \n\t\t<\/div>\n\t<\/div> \n<\/div><\/div>","protected":false},"excerpt":{"rendered":"Word een offici\u00eble Menthol Click distributeur De procedure is even eenvoudig als aangenaam Onze Menthol Click-pen is ontworpen om tot 40 filters te voorzien van een aangename mentholsmaak. De toepassing...","protected":false},"author":1,"featured_media":0,"parent":0,"menu_order":0,"comment_status":"closed","ping_status":"closed","template":"","meta":{"footnotes":""},"class_list":["post-3603","page","type-page","status-publish"],"yoast_head":"<!-- This site is optimized with the Yoast SEO plugin v27.4 - https:\/\/yoast.com\/product\/yoast-seo-wordpress\/ -->\n<title>Distributeur - MentholClick\u00ae<\/title>\n<meta name=\"description\" content=\"Vergroot je assortiment met het populaire alternatief voor menthol. Sluit je aan bij ons netwerk. Vraag hier je B2B-account aan.\" \/>\n<meta name=\"robots\" content=\"index, follow, max-snippet:-1, max-image-preview:large, max-video-preview:-1\" \/>\n<link rel=\"canonical\" href=\"https:\/\/www.mentholclick.com\/fr\/distributeur\/\" \/>\n<meta property=\"og:locale\" content=\"fr_FR\" \/>\n<meta property=\"og:type\" content=\"article\" \/>\n<meta property=\"og:title\" content=\"Distributeur - MentholClick\u00ae\" \/>\n<meta property=\"og:description\" content=\"Vergroot je assortiment met het populaire alternatief voor menthol. Sluit je aan bij ons netwerk. Vraag hier je B2B-account aan.\" \/>\n<meta property=\"og:url\" content=\"https:\/\/www.mentholclick.com\/fr\/distributeur\/\" \/>\n<meta property=\"og:site_name\" content=\"MentholClick\u00ae\" \/>\n<meta property=\"article:modified_time\" content=\"2025-07-29T15:17:16+00:00\" \/>\n<meta name=\"twitter:card\" content=\"summary_large_image\" \/>\n<meta name=\"twitter:label1\" content=\"Dur\u00e9e de lecture estim\u00e9e\" \/>\n\t<meta name=\"twitter:data1\" content=\"3 minutes\" \/>\n<script type=\"application\/ld+json\" class=\"yoast-schema-graph\">{\"@context\":\"https:\\\/\\\/schema.org\",\"@graph\":[{\"@type\":\"WebPage\",\"@id\":\"https:\\\/\\\/www.mentholclick.com\\\/distributeur\\\/\",\"url\":\"https:\\\/\\\/www.mentholclick.com\\\/distributeur\\\/\",\"name\":\"Distributeur - MentholClick\u00ae\",\"isPartOf\":{\"@id\":\"https:\\\/\\\/www.mentholclick.com\\\/#website\"},\"datePublished\":\"2023-07-13T12:41:15+00:00\",\"dateModified\":\"2025-07-29T15:17:16+00:00\",\"description\":\"Vergroot je assortiment met het populaire alternatief voor menthol. Sluit je aan bij ons netwerk. Vraag hier je B2B-account aan.\",\"breadcrumb\":{\"@id\":\"https:\\\/\\\/www.mentholclick.com\\\/distributeur\\\/#breadcrumb\"},\"inLanguage\":\"fr-FR\",\"potentialAction\":[{\"@type\":\"ReadAction\",\"target\":[\"https:\\\/\\\/www.mentholclick.com\\\/distributeur\\\/\"]}]},{\"@type\":\"BreadcrumbList\",\"@id\":\"https:\\\/\\\/www.mentholclick.com\\\/distributeur\\\/#breadcrumb\",\"itemListElement\":[{\"@type\":\"ListItem\",\"position\":1,\"name\":\"Home\",\"item\":\"https:\\\/\\\/www.mentholclick.com\\\/\"},{\"@type\":\"ListItem\",\"position\":2,\"name\":\"Distributeur\"}]},{\"@type\":\"WebSite\",\"@id\":\"https:\\\/\\\/www.mentholclick.com\\\/#website\",\"url\":\"https:\\\/\\\/www.mentholclick.com\\\/\",\"name\":\"MentholClick\u00ae\",\"description\":\"Original Flavor Infusion\",\"potentialAction\":[{\"@type\":\"SearchAction\",\"target\":{\"@type\":\"EntryPoint\",\"urlTemplate\":\"https:\\\/\\\/www.mentholclick.com\\\/?s={search_term_string}\"},\"query-input\":{\"@type\":\"PropertyValueSpecification\",\"valueRequired\":true,\"valueName\":\"search_term_string\"}}],\"inLanguage\":\"fr-FR\"}]}<\/script>\n<!-- \/ Yoast SEO plugin. -->","yoast_head_json":{"title":"Distributeur - MentholClick\u00ae","description":"Vergroot je assortiment met het populaire alternatief voor menthol. Sluit je aan bij ons netwerk. Vraag hier je B2B-account aan.","robots":{"index":"index","follow":"follow","max-snippet":"max-snippet:-1","max-image-preview":"max-image-preview:large","max-video-preview":"max-video-preview:-1"},"canonical":"https:\/\/www.mentholclick.com\/fr\/distributeur\/","og_locale":"fr_FR","og_type":"article","og_title":"Distributeur - MentholClick\u00ae","og_description":"Vergroot je assortiment met het populaire alternatief voor menthol. Sluit je aan bij ons netwerk. Vraag hier je B2B-account aan.","og_url":"https:\/\/www.mentholclick.com\/fr\/distributeur\/","og_site_name":"MentholClick\u00ae","article_modified_time":"2025-07-29T15:17:16+00:00","twitter_card":"summary_large_image","twitter_misc":{"Dur\u00e9e de lecture estim\u00e9e":"3 minutes"},"schema":{"@context":"https:\/\/schema.org","@graph":[{"@type":"WebPage","@id":"https:\/\/www.mentholclick.com\/distributeur\/","url":"https:\/\/www.mentholclick.com\/distributeur\/","name":"Distributeur - MentholClick\u00ae","isPartOf":{"@id":"https:\/\/www.mentholclick.com\/#website"},"datePublished":"2023-07-13T12:41:15+00:00","dateModified":"2025-07-29T15:17:16+00:00","description":"Vergroot je assortiment met het populaire alternatief voor menthol. Sluit je aan bij ons netwerk. Vraag hier je B2B-account aan.","breadcrumb":{"@id":"https:\/\/www.mentholclick.com\/distributeur\/#breadcrumb"},"inLanguage":"fr-FR","potentialAction":[{"@type":"ReadAction","target":["https:\/\/www.mentholclick.com\/distributeur\/"]}]},{"@type":"BreadcrumbList","@id":"https:\/\/www.mentholclick.com\/distributeur\/#breadcrumb","itemListElement":[{"@type":"ListItem","position":1,"name":"Home","item":"https:\/\/www.mentholclick.com\/"},{"@type":"ListItem","position":2,"name":"Distributeur"}]},{"@type":"WebSite","@id":"https:\/\/www.mentholclick.com\/#website","url":"https:\/\/www.mentholclick.com\/","name":"MentholClick\u00ae","description":"Original Flavor Infusion","potentialAction":[{"@type":"SearchAction","target":{"@type":"EntryPoint","urlTemplate":"https:\/\/www.mentholclick.com\/?s={search_term_string}"},"query-input":{"@type":"PropertyValueSpecification","valueRequired":true,"valueName":"search_term_string"}}],"inLanguage":"fr-FR"}]}},"_links":{"self":[{"href":"https:\/\/www.mentholclick.com\/fr\/wp-json\/wp\/v2\/pages\/3603","targetHints":{"allow":["GET"]}}],"collection":[{"href":"https:\/\/www.mentholclick.com\/fr\/wp-json\/wp\/v2\/pages"}],"about":[{"href":"https:\/\/www.mentholclick.com\/fr\/wp-json\/wp\/v2\/types\/page"}],"author":[{"embeddable":true,"href":"https:\/\/www.mentholclick.com\/fr\/wp-json\/wp\/v2\/users\/1"}],"replies":[{"embeddable":true,"href":"https:\/\/www.mentholclick.com\/fr\/wp-json\/wp\/v2\/comments?post=3603"}],"version-history":[{"count":3,"href":"https:\/\/www.mentholclick.com\/fr\/wp-json\/wp\/v2\/pages\/3603\/revisions"}],"predecessor-version":[{"id":4634,"href":"https:\/\/www.mentholclick.com\/fr\/wp-json\/wp\/v2\/pages\/3603\/revisions\/4634"}],"wp:attachment":[{"href":"https:\/\/www.mentholclick.com\/fr\/wp-json\/wp\/v2\/media?parent=3603"}],"curies":[{"name":"wp","href":"https:\/\/api.w.org\/{rel}","templated":true}]}}